{"id":10,"date":"2025-07-20T14:05:10","date_gmt":"2025-07-20T14:05:10","guid":{"rendered":"https:\/\/olesenskydvur.cz\/?page_id=10"},"modified":"2025-09-29T15:05:19","modified_gmt":"2025-09-29T15:05:19","slug":"uvod","status":"publish","type":"page","link":"https:\/\/olesenskydvur.cz\/","title":{"rendered":"\u00davod"},"content":{"rendered":"<div id=\"pl-gb10-69e4acd31e14c\"  class=\"panel-layout\" ><div id=\"pg-gb10-69e4acd31e14c-0\"  class=\"panel-grid panel-no-style\" ><div id=\"pgc-gb10-69e4acd31e14c-0-0\"  class=\"panel-grid-cell\" ><div id=\"panel-gb10-69e4acd31e14c-0-0-0\" class=\"so-panel widget widget_sow-editor panel-first-child panel-last-child\" data-index=\"0\" ><div\n\t\t\t\n\t\t\tclass=\"so-widget-sow-editor so-widget-sow-editor-base\"\n\t\t\t\n\t\t>\n<div class=\"siteorigin-widget-tinymce textwidget\">\n\t<h4 style=\"text-align: center;\">Jsme modern\u00ed rodinn\u00fd statek s dlouholetou tradic\u00ed v zem\u011bd\u011blstv\u00ed a spokojen\u00fdmi zv\u00ed\u0159aty,<br \/>\no kter\u00e9 se nep\u0159etr\u017eit\u011b a s l\u00e1skou star\u00e1me. Tradi\u010dn\u00ed postupy propojujeme s nejnov\u011bj\u0161\u00edmi technologiemi, v\u0161e d\u011bl\u00e1me na 100 % a hlavn\u011b srdcem.<\/h4>\n<h4 style=\"text-align: center;\">V sou\u010dasn\u00e9 dob\u011b nab\u00edz\u00edme prodej m\u00e1ku a krmn\u00fdch surovin &#8211; je\u010dmene a p\u0161enice, d\u00e1le krmn\u00e9 sm\u011bsi pro hov\u011bz\u00ed, vep\u0159ov\u00e9 i dr\u016fbe\u017e\u00ed p\u0159\u00e1tel\u00e9.<\/h4>\n<h4 style=\"text-align: center;\">Statek je otev\u0159en\u00fd pro ve\u0159ejnost po telefonick\u00e9 domluv\u011b, p\u0159i jeho n\u00e1v\u0161t\u011bv\u011b dbejte velk\u00e9 opatrnosti, kocour Velitel a jeho sme\u010dka hl\u00eddaj\u00ed cel\u00fd are\u00e1l nep\u0159et\u017eit\u011b a samoz\u0159ejm\u011b favority v\u0161ech b\u00fd\u010dky plemene Aberdeen Angus a Charolais . Kdy\u017e budete m\u00edt \u0161t\u011bst\u00ed a budou m\u00edt mazlivou, nechaj\u00ed se i podrbat za uchem. \ud83d\ude42<\/h4>\n<\/div>\n<\/div><\/div><\/div><\/div><div id=\"pg-gb10-69e4acd31e14c-1\"  class=\"panel-grid panel-no-style\" ><div id=\"pgc-gb10-69e4acd31e14c-1-0\"  class=\"panel-grid-cell\" ><div id=\"panel-gb10-69e4acd31e14c-1-0-0\" class=\"so-panel widget widget_sow-image panel-first-child panel-last-child\" data-index=\"1\" ><div\n\t\t\t\n\t\t\tclass=\"so-widget-sow-image so-widget-sow-image-default-c67d20f9f743-10\"\n\t\t\t\n\t\t>\n<div class=\"sow-image-container\">\n\t\t<img \n\tsrc=\"https:\/\/olesenskydvur.cz\/wp-content\/uploads\/2025\/07\/povin.-publicita-Bezdicek-autopilot-scaled.png\" width=\"2560\" height=\"1440\" srcset=\"https:\/\/olesenskydvur.cz\/wp-content\/uploads\/2025\/07\/povin.-publicita-Bezdicek-autopilot-scaled.png 2560w, https:\/\/olesenskydvur.cz\/wp-content\/uploads\/2025\/07\/povin.-publicita-Bezdicek-autopilot-300x169.png 300w, https:\/\/olesenskydvur.cz\/wp-content\/uploads\/2025\/07\/povin.-publicita-Bezdicek-autopilot-1024x576.png 1024w, https:\/\/olesenskydvur.cz\/wp-content\/uploads\/2025\/07\/povin.-publicita-Bezdicek-autopilot-768x432.png 768w, https:\/\/olesenskydvur.cz\/wp-content\/uploads\/2025\/07\/povin.-publicita-Bezdicek-autopilot-1536x864.png 1536w, https:\/\/olesenskydvur.cz\/wp-content\/uploads\/2025\/07\/povin.-publicita-Bezdicek-autopilot-2048x1152.png 2048w\" sizes=\"(max-width: 2560px) 100vw, 2560px\" title=\"povin. publicita Bezd\u00ed\u010dek autopilot\" alt=\"\" \t\tclass=\"so-widget-image\"\/>\n\t<\/div>\n\n<\/div><\/div><\/div><div id=\"pgc-gb10-69e4acd31e14c-1-1\"  class=\"panel-grid-cell\" ><div id=\"panel-gb10-69e4acd31e14c-1-1-0\" class=\"so-panel widget widget_sow-image panel-first-child panel-last-child\" data-index=\"2\" ><div\n\t\t\t\n\t\t\tclass=\"so-widget-sow-image so-widget-sow-image-default-c67d20f9f743-10\"\n\t\t\t\n\t\t>\n<div class=\"sow-image-container\">\n\t\t<img \n\tsrc=\"https:\/\/olesenskydvur.cz\/wp-content\/uploads\/2025\/07\/cedule-s-logem-MAS-SZP-Bezdicek-Rozvoj-precizniho-zemedelstvi.png\" width=\"2339\" height=\"1654\" srcset=\"https:\/\/olesenskydvur.cz\/wp-content\/uploads\/2025\/07\/cedule-s-logem-MAS-SZP-Bezdicek-Rozvoj-precizniho-zemedelstvi.png 2339w, https:\/\/olesenskydvur.cz\/wp-content\/uploads\/2025\/07\/cedule-s-logem-MAS-SZP-Bezdicek-Rozvoj-precizniho-zemedelstvi-300x212.png 300w, https:\/\/olesenskydvur.cz\/wp-content\/uploads\/2025\/07\/cedule-s-logem-MAS-SZP-Bezdicek-Rozvoj-precizniho-zemedelstvi-1024x724.png 1024w, https:\/\/olesenskydvur.cz\/wp-content\/uploads\/2025\/07\/cedule-s-logem-MAS-SZP-Bezdicek-Rozvoj-precizniho-zemedelstvi-768x543.png 768w, https:\/\/olesenskydvur.cz\/wp-content\/uploads\/2025\/07\/cedule-s-logem-MAS-SZP-Bezdicek-Rozvoj-precizniho-zemedelstvi-1536x1086.png 1536w, https:\/\/olesenskydvur.cz\/wp-content\/uploads\/2025\/07\/cedule-s-logem-MAS-SZP-Bezdicek-Rozvoj-precizniho-zemedelstvi-2048x1448.png 2048w\" sizes=\"(max-width: 2339px) 100vw, 2339px\" title=\"cedule s logem MAS SZP Bezd\u00ed\u010dek Rozvoj precizn\u00edho zem\u011bd\u011blstv\u00ed\" alt=\"\" \t\tclass=\"so-widget-image\"\/>\n\t<\/div>\n\n<\/div><\/div><\/div><\/div><div id=\"pg-gb10-69e4acd31e14c-2\"  class=\"panel-grid panel-no-style\" ><div id=\"pgc-gb10-69e4acd31e14c-2-0\"  class=\"panel-grid-cell\" ><div id=\"panel-gb10-69e4acd31e14c-2-0-0\" class=\"so-panel widget widget_sow-image panel-first-child panel-last-child\" data-index=\"3\" ><div\n\t\t\t\n\t\t\tclass=\"so-widget-sow-image so-widget-sow-image-default-8b5b6f678277-10\"\n\t\t\t\n\t\t>\n<div class=\"sow-image-container\">\n\t\t<img \n\tsrc=\"https:\/\/olesenskydvur.cz\/wp-content\/uploads\/2025\/09\/publicita-stepkovac-2509290107-a3horizontal-1-scaled.png\" width=\"2560\" height=\"1810\" srcset=\"https:\/\/olesenskydvur.cz\/wp-content\/uploads\/2025\/09\/publicita-stepkovac-2509290107-a3horizontal-1-scaled.png 2560w, https:\/\/olesenskydvur.cz\/wp-content\/uploads\/2025\/09\/publicita-stepkovac-2509290107-a3horizontal-1-300x212.png 300w, https:\/\/olesenskydvur.cz\/wp-content\/uploads\/2025\/09\/publicita-stepkovac-2509290107-a3horizontal-1-1024x724.png 1024w, https:\/\/olesenskydvur.cz\/wp-content\/uploads\/2025\/09\/publicita-stepkovac-2509290107-a3horizontal-1-768x543.png 768w, https:\/\/olesenskydvur.cz\/wp-content\/uploads\/2025\/09\/publicita-stepkovac-2509290107-a3horizontal-1-1536x1086.png 1536w, https:\/\/olesenskydvur.cz\/wp-content\/uploads\/2025\/09\/publicita-stepkovac-2509290107-a3horizontal-1-2048x1448.png 2048w\" sizes=\"(max-width: 2560px) 100vw, 2560px\" title=\"publicita \u0161t\u011bpkova\u010d 2509290107-a3horizontal-1\" alt=\"\" \t\tclass=\"so-widget-image\"\/>\n\t<\/div>\n\n<\/div><\/div><\/div><div id=\"pgc-gb10-69e4acd31e14c-2-1\"  class=\"panel-grid-cell\" ><div id=\"panel-gb10-69e4acd31e14c-2-1-0\" class=\"so-panel widget widget_sow-image panel-first-child panel-last-child\" data-index=\"4\" ><div\n\t\t\t\n\t\t\tclass=\"so-widget-sow-image so-widget-sow-image-default-8b5b6f678277-10\"\n\t\t\t\n\t\t>\n<div class=\"sow-image-container\">\n\t\t<img \n\tsrc=\"https:\/\/olesenskydvur.cz\/wp-content\/uploads\/2025\/09\/cedule-s-logem-MAS-SZP-Bezdicek-Rozvoj-technologii-pro-hospodareni-v-lese-1-scaled.png\" width=\"2560\" height=\"1810\" srcset=\"https:\/\/olesenskydvur.cz\/wp-content\/uploads\/2025\/09\/cedule-s-logem-MAS-SZP-Bezdicek-Rozvoj-technologii-pro-hospodareni-v-lese-1-scaled.png 2560w, https:\/\/olesenskydvur.cz\/wp-content\/uploads\/2025\/09\/cedule-s-logem-MAS-SZP-Bezdicek-Rozvoj-technologii-pro-hospodareni-v-lese-1-300x212.png 300w, https:\/\/olesenskydvur.cz\/wp-content\/uploads\/2025\/09\/cedule-s-logem-MAS-SZP-Bezdicek-Rozvoj-technologii-pro-hospodareni-v-lese-1-1024x724.png 1024w, https:\/\/olesenskydvur.cz\/wp-content\/uploads\/2025\/09\/cedule-s-logem-MAS-SZP-Bezdicek-Rozvoj-technologii-pro-hospodareni-v-lese-1-768x543.png 768w, https:\/\/olesenskydvur.cz\/wp-content\/uploads\/2025\/09\/cedule-s-logem-MAS-SZP-Bezdicek-Rozvoj-technologii-pro-hospodareni-v-lese-1-1536x1086.png 1536w, https:\/\/olesenskydvur.cz\/wp-content\/uploads\/2025\/09\/cedule-s-logem-MAS-SZP-Bezdicek-Rozvoj-technologii-pro-hospodareni-v-lese-1-2048x1448.png 2048w\" sizes=\"(max-width: 2560px) 100vw, 2560px\" title=\"cedule s logem MAS SZP Bezd\u00ed\u010dek Rozvoj technologi\u00ed pro hospoda\u0159en\u00ed v lese-1\" alt=\"\" \t\tclass=\"so-widget-image\"\/>\n\t<\/div>\n\n<\/div><\/div><\/div><\/div><\/div>\n\n\n<p><\/p>\n","protected":false},"excerpt":{"rendered":"<p>Jsme modern\u00ed rodinn\u00fd statek s dlouholetou tradic\u00ed v zem\u011bd\u011blstv\u00ed a spokojen\u00fdmi zv\u00ed\u0159aty, o kter\u00e9 se nep\u0159etr\u017eit\u011b a s l\u00e1skou star\u00e1me. Tradi\u010dn\u00ed postupy propojujeme s nejnov\u011bj\u0161\u00edmi technologiemi, v\u0161e d\u011bl\u00e1me na 100 % a hlavn\u011b srdcem. V sou\u010dasn\u00e9 dob\u011b nab\u00edz\u00edme prodej m\u00e1ku a krmn\u00fdch surovin &#8211; je\u010dmene a p\u0161enice, d\u00e1le krmn\u00e9 sm\u011bsi [&hellip;]<\/p>\n","protected":false},"author":1,"featured_media":19,"parent":0,"menu_order":0,"comment_status":"closed","ping_status":"closed","template":"","meta":{"footnotes":""},"class_list":["post-10","page","type-page","status-publish","has-post-thumbnail","hentry"],"_links":{"self":[{"href":"https:\/\/olesenskydvur.cz\/index.php?rest_route=\/wp\/v2\/pages\/10","targetHints":{"allow":["GET"]}}],"collection":[{"href":"https:\/\/olesenskydvur.cz\/index.php?rest_route=\/wp\/v2\/pages"}],"about":[{"href":"https:\/\/olesenskydvur.cz\/index.php?rest_route=\/wp\/v2\/types\/page"}],"author":[{"embeddable":true,"href":"https:\/\/olesenskydvur.cz\/index.php?rest_route=\/wp\/v2\/users\/1"}],"replies":[{"embeddable":true,"href":"https:\/\/olesenskydvur.cz\/index.php?rest_route=%2Fwp%2Fv2%2Fcomments&post=10"}],"version-history":[{"count":15,"href":"https:\/\/olesenskydvur.cz\/index.php?rest_route=\/wp\/v2\/pages\/10\/revisions"}],"predecessor-version":[{"id":69,"href":"https:\/\/olesenskydvur.cz\/index.php?rest_route=\/wp\/v2\/pages\/10\/revisions\/69"}],"wp:featuredmedia":[{"embeddable":true,"href":"https:\/\/olesenskydvur.cz\/index.php?rest_route=\/wp\/v2\/media\/19"}],"wp:attachment":[{"href":"https:\/\/olesenskydvur.cz\/index.php?rest_route=%2Fwp%2Fv2%2Fmedia&parent=10"}],"curies":[{"name":"wp","href":"https:\/\/api.w.org\/{rel}","templated":true}]}}